{"id":34,"date":"2018-03-14T14:46:50","date_gmt":"2018-03-14T13:46:50","guid":{"rendered":"https:\/\/thechocobox.ch\/?page_id=34"},"modified":"2018-04-28T11:08:33","modified_gmt":"2018-04-28T09:08:33","slug":"faq","status":"publish","type":"page","link":"https:\/\/thechocobox.ch\/de\/faq\/","title":{"rendered":"FAQ"},"content":{"rendered":"<p>[et_pb_section fb_built=\u00a0\u00bb1&Prime; _builder_version=\u00a0\u00bb3.0.106&Prime;][et_pb_row custom_padding=\u00a0\u00bb0|0px|0|0px\u00a0\u00bb _builder_version=\u00a0\u00bb3.0.106&Prime;][et_pb_column type=\u00a0\u00bb4_4&Prime; _builder_version=\u00a0\u00bb3.0.106&Prime; parallax=\u00a0\u00bboff\u00a0\u00bb parallax_method=\u00a0\u00bbon\u00a0\u00bb][et_pb_text _builder_version=\u00a0\u00bb3.0.106&Prime;]<\/p>\n<p><strong><\/strong><\/p>\n<h1>F.A.Q.<\/h1>\n<p>&nbsp;<\/p>\n<p>&nbsp;<\/p>\n<h2><strong><a href=\"https:\/\/www.facebook.com\/bgourmet.ch\/posts\/251465545397729\">Produkte<\/a><\/strong><\/h2>\n<p><strong><\/strong><\/p>\n<h3>Welche Produkten sind in der Box ?<\/h3>\n<blockquote>\n<h4>Die Box bietet die M\u00f6glichkeit, eine Vielzahl\u00a0 Produkten\u00a0wie Riegel, Bonbons, Pralinen, Tr\u00fcffel, Grand Cru, Kekse, Schokoladenaufstriche etc&#8230;<br \/>Jeden Monat bieten wir eine neue Auswahl an.<\/h4>\n<p>&nbsp;<\/p>\n<h4>Wir liefern das ganze Jahr \u00fcber, au\u00dfer in den Monaten Juli und August, aus klimatischen Gr\u00fcnden.<\/h4>\n<\/blockquote>\n<p>&nbsp;<\/p>\n<h2><strong>Bestellung<\/strong><\/h2>\n<p><strong><\/strong><\/p>\n<h3>Ist es m\u00f6glich, mir eine Box\u00a0 zu kaufen und gleichzeitig eine als Geschenk zu bestellen?<\/h3>\n<blockquote>\n<h4>Leider ist es noch nicht m\u00f6glich, beides in der gleichen Reihenfolge zu tun, so dass Sie zwei verschiedene Bestellungen aufgeben m\u00fcssen.<\/h4>\n<\/blockquote>\n<p>&nbsp;<\/p>\n<h2><strong>Zahlung<\/strong><\/h2>\n<p>&nbsp;<\/p>\n<h3>Wie funktioniert die Bezahlung?<\/h3>\n<blockquote>\n<h4>Bei der Registrierung des Abonnements wird keine Zahlung erhoben, alle Abhebungen erfolgen am 1. eines jeden Monats, wenn die Registrierung vor dem 31 registriert ist, wird die Box im n\u00e4chsten Monat verschickt.<\/h4>\n<\/blockquote>\n<p>&nbsp;<\/p>\n<h3>Welche Zahlungskarten werden akzeptiert?<\/h3>\n<blockquote>\n<h4>Momentan werden nur Visa, Mastercard und American Express akzeptiert.<\/h4>\n<h4>Die Bezahlung per Rechnung ist nur auf besonderen Wunsch m\u00f6glich, bitte wenden Sie sich an info[at]thechocobox. ch<\/h4>\n<\/blockquote>\n<p>&nbsp;<\/p>\n<h3>Wie kann ich mein Abonnement k\u00fcndigen?<\/h3>\n<blockquote>\n<h4>Sie k\u00f6nnen das Abonnement jederzeit abbestellen, indem Sie auf die Registerkarte \u201eMein Konto\u201c im Bereich Abonnements gehen.<\/h4>\n<h4>Bitte beachten Sie, dass die Abbuchung am 1. eines jeden Monats erfolgt. Um die Box f\u00fcr den Folgemonat nicht zu erhalten, ist es notwendig, sich vor Ende des Monats abzumelden; eine K\u00fcndigung nach diesem Datum wird nur f\u00fcr den Folgemonat ber\u00fccksichtigt<em>.<\/em><\/h4>\n<\/blockquote>\n<p>&nbsp;<\/p>\n<h2><strong>Lieferung<\/strong><\/h2>\n<p>&nbsp;<\/p>\n<h3>Ist es m\u00f6glich, meine Adresse zu \u00e4ndern?<\/h3>\n<blockquote>\n<h4>Es ist m\u00f6glich, Ihre Adresse direkt aus der Registerkarte \u201eMein Konto\u201c heraus zu \u00e4ndern, entweder speziell f\u00fcr ein Abonnement oder f\u00fcr das gesamte Konto. Aus logistischen Gr\u00fcnden kann eine Adress\u00e4nderung, die nach dem 10. des Monats erfolgt, bei der Lieferung des laufenden Monats nicht ber\u00fccksichtigt werden.<\/h4>\n<\/blockquote>\n<p>&nbsp;<\/p>\n<h3>Wer sichert die Lieferung ?<\/h3>\n<blockquote>\n<h4>Grunds\u00e4tzlich versenden wir mit der Schweizerischen Post, welche die Zustellung von Montag bis Freitag sicherstellt, das Paket in Ihrem Briefkasten ablegt oder eine Durchfahrtsbescheinigung hinterl\u00e4sst und Sie Ihr Paket bei der n\u00e4chstgelegenen Poststelle abholen m\u00fcssen.<\/h4>\n<\/blockquote>\n<p>&nbsp;<\/p>\n<h3>Lieferzeit?<\/h3>\n<blockquote>\n<h4>Grunds\u00e4tzlich werden die Boxen zwischen dem 15. und 30. eines jeden Monats verschickt.<\/h4>\n<\/blockquote>\n<p>&nbsp;<\/p>\n<h2><strong>Anderweitig<\/strong><\/h2>\n<p><strong><\/strong><\/p>\n<h3>Was ist das Prinzip \u00ab Planze einene Baum ! \u00bb ?<\/h3>\n<blockquote>\n<h4>Wir haben uns verpflichtet, f\u00fcr jede verkaufte Box einen Baum zu pflanzen, zum \u00f6kologischen Gleichgewicht beizutragen. Wir werden eine NGO nahe unseren Werten w\u00e4hlen. Sie wurde noch nicht ausgew\u00e4hlt.<\/h4>\n<\/blockquote>\n<p><strong><\/strong><\/p>\n<p>[\/et_pb_text][\/et_pb_column][\/et_pb_row][\/et_pb_section]<\/p>\n","protected":false},"excerpt":{"rendered":"<p>F.A.Q. &nbsp; &nbsp; Produkte Welche Produkten sind in der Box ? Die Box bietet die M\u00f6glichkeit, eine Vielzahl\u00a0 Produkten\u00a0wie Riegel, Bonbons, Pralinen, Tr\u00fcffel, Grand Cru, Kekse, Schokoladenaufstriche etc&#8230;Jeden Monat bieten wir eine neue Auswahl an. &nbsp; Wir liefern das ganze Jahr \u00fcber, au\u00dfer in den Monaten Juli und August, aus klimatischen Gr\u00fcnden. &nbsp; Bestellung Ist [&hellip;]<\/p>\n","protected":false},"author":1,"featured_media":0,"parent":0,"menu_order":0,"comment_status":"closed","ping_status":"closed","template":"","meta":{"_et_pb_use_builder":"on","_et_pb_old_content":"","_et_gb_content_width":"","_exactmetrics_skip_tracking":false,"_exactmetrics_sitenote_active":false,"_exactmetrics_sitenote_note":"","_exactmetrics_sitenote_category":0,"jetpack_post_was_ever_published":false,"footnotes":""},"class_list":["post-34","page","type-page","status-publish","hentry"],"yoast_head":"<!-- This site is optimized with the Yoast SEO plugin v25.6 - https:\/\/yoast.com\/wordpress\/plugins\/seo\/ -->\n<title>FAQ - The ChocoBox<\/title>\n<meta name=\"robots\" content=\"index, follow, max-snippet:-1, max-image-preview:large, max-video-preview:-1\" \/>\n<link rel=\"canonical\" href=\"https:\/\/thechocobox.ch\/faq\/\" \/>\n<meta property=\"og:locale\" content=\"fr_FR\" \/>\n<meta property=\"og:type\" content=\"article\" \/>\n<meta property=\"og:title\" content=\"FAQ - The ChocoBox\" \/>\n<meta property=\"og:description\" content=\"F.A.Q. &nbsp; &nbsp; Produkte Welche Produkten sind in der Box ? Die Box bietet die M\u00f6glichkeit, eine Vielzahl\u00a0 Produkten\u00a0wie Riegel, Bonbons, Pralinen, Tr\u00fcffel, Grand Cru, Kekse, Schokoladenaufstriche etc...Jeden Monat bieten wir eine neue Auswahl an. &nbsp; Wir liefern das ganze Jahr \u00fcber, au\u00dfer in den Monaten Juli und August, aus klimatischen Gr\u00fcnden. &nbsp; Bestellung Ist [&hellip;]\" \/>\n<meta property=\"og:url\" content=\"https:\/\/thechocobox.ch\/de\/faq\/\" \/>\n<meta property=\"og:site_name\" content=\"The ChocoBox\" \/>\n<meta property=\"article:publisher\" content=\"https:\/\/www.facebook.com\/thechocobox.ch\" \/>\n<meta property=\"article:modified_time\" content=\"2018-04-28T09:08:33+00:00\" \/>\n<meta name=\"twitter:card\" content=\"summary_large_image\" \/>\n<meta name=\"twitter:label1\" content=\"Dur\u00e9e de lecture estim\u00e9e\" \/>\n\t<meta name=\"twitter:data1\" content=\"2 minutes\" \/>\n<script type=\"application\/ld+json\" class=\"yoast-schema-graph\">{\"@context\":\"https:\/\/schema.org\",\"@graph\":[{\"@type\":\"WebPage\",\"@id\":\"https:\/\/thechocobox.ch\/de\/faq\/\",\"url\":\"https:\/\/thechocobox.ch\/de\/faq\/\",\"name\":\"FAQ - The ChocoBox\",\"isPartOf\":{\"@id\":\"https:\/\/thechocobox.ch\/#website\"},\"datePublished\":\"2018-03-14T13:46:50+00:00\",\"dateModified\":\"2018-04-28T09:08:33+00:00\",\"breadcrumb\":{\"@id\":\"https:\/\/thechocobox.ch\/de\/faq\/#breadcrumb\"},\"inLanguage\":\"fr-FR\",\"potentialAction\":[{\"@type\":\"ReadAction\",\"target\":[\"https:\/\/thechocobox.ch\/de\/faq\/\"]}]},{\"@type\":\"BreadcrumbList\",\"@id\":\"https:\/\/thechocobox.ch\/de\/faq\/#breadcrumb\",\"itemListElement\":[{\"@type\":\"ListItem\",\"position\":1,\"name\":\"Accueil\",\"item\":\"https:\/\/thechocobox.ch\/accueil\/\"},{\"@type\":\"ListItem\",\"position\":2,\"name\":\"FAQ\"}]},{\"@type\":\"WebSite\",\"@id\":\"https:\/\/thechocobox.ch\/#website\",\"url\":\"https:\/\/thechocobox.ch\/\",\"name\":\"The ChocoBox\",\"description\":\"\",\"publisher\":{\"@id\":\"https:\/\/thechocobox.ch\/#organization\"},\"potentialAction\":[{\"@type\":\"SearchAction\",\"target\":{\"@type\":\"EntryPoint\",\"urlTemplate\":\"https:\/\/thechocobox.ch\/?s={search_term_string}\"},\"query-input\":{\"@type\":\"PropertyValueSpecification\",\"valueRequired\":true,\"valueName\":\"search_term_string\"}}],\"inLanguage\":\"fr-FR\"},{\"@type\":\"Organization\",\"@id\":\"https:\/\/thechocobox.ch\/#organization\",\"name\":\"Thechocobox\",\"url\":\"https:\/\/thechocobox.ch\/\",\"logo\":{\"@type\":\"ImageObject\",\"inLanguage\":\"fr-FR\",\"@id\":\"https:\/\/thechocobox.ch\/#\/schema\/logo\/image\/\",\"url\":\"https:\/\/i0.wp.com\/thechocobox.ch\/wp-content\/uploads\/2018\/04\/logo_chocobox_1-1.jpg?fit=4264%2C1407&ssl=1\",\"contentUrl\":\"https:\/\/i0.wp.com\/thechocobox.ch\/wp-content\/uploads\/2018\/04\/logo_chocobox_1-1.jpg?fit=4264%2C1407&ssl=1\",\"width\":4264,\"height\":1407,\"caption\":\"Thechocobox\"},\"image\":{\"@id\":\"https:\/\/thechocobox.ch\/#\/schema\/logo\/image\/\"},\"sameAs\":[\"https:\/\/www.facebook.com\/thechocobox.ch\",\"https:\/\/www.instagram.com\/thechocobox.ch\/\"]}]}<\/script>\n<!-- \/ Yoast SEO plugin. -->","yoast_head_json":{"title":"FAQ - The ChocoBox","robots":{"index":"index","follow":"follow","max-snippet":"max-snippet:-1","max-image-preview":"max-image-preview:large","max-video-preview":"max-video-preview:-1"},"canonical":"https:\/\/thechocobox.ch\/faq\/","og_locale":"fr_FR","og_type":"article","og_title":"FAQ - The ChocoBox","og_description":"F.A.Q. &nbsp; &nbsp; Produkte Welche Produkten sind in der Box ? Die Box bietet die M\u00f6glichkeit, eine Vielzahl\u00a0 Produkten\u00a0wie Riegel, Bonbons, Pralinen, Tr\u00fcffel, Grand Cru, Kekse, Schokoladenaufstriche etc...Jeden Monat bieten wir eine neue Auswahl an. &nbsp; Wir liefern das ganze Jahr \u00fcber, au\u00dfer in den Monaten Juli und August, aus klimatischen Gr\u00fcnden. &nbsp; Bestellung Ist [&hellip;]","og_url":"https:\/\/thechocobox.ch\/de\/faq\/","og_site_name":"The ChocoBox","article_publisher":"https:\/\/www.facebook.com\/thechocobox.ch","article_modified_time":"2018-04-28T09:08:33+00:00","twitter_card":"summary_large_image","twitter_misc":{"Dur\u00e9e de lecture estim\u00e9e":"2 minutes"},"schema":{"@context":"https:\/\/schema.org","@graph":[{"@type":"WebPage","@id":"https:\/\/thechocobox.ch\/de\/faq\/","url":"https:\/\/thechocobox.ch\/de\/faq\/","name":"FAQ - The ChocoBox","isPartOf":{"@id":"https:\/\/thechocobox.ch\/#website"},"datePublished":"2018-03-14T13:46:50+00:00","dateModified":"2018-04-28T09:08:33+00:00","breadcrumb":{"@id":"https:\/\/thechocobox.ch\/de\/faq\/#breadcrumb"},"inLanguage":"fr-FR","potentialAction":[{"@type":"ReadAction","target":["https:\/\/thechocobox.ch\/de\/faq\/"]}]},{"@type":"BreadcrumbList","@id":"https:\/\/thechocobox.ch\/de\/faq\/#breadcrumb","itemListElement":[{"@type":"ListItem","position":1,"name":"Accueil","item":"https:\/\/thechocobox.ch\/accueil\/"},{"@type":"ListItem","position":2,"name":"FAQ"}]},{"@type":"WebSite","@id":"https:\/\/thechocobox.ch\/#website","url":"https:\/\/thechocobox.ch\/","name":"The ChocoBox","description":"","publisher":{"@id":"https:\/\/thechocobox.ch\/#organization"},"potentialAction":[{"@type":"SearchAction","target":{"@type":"EntryPoint","urlTemplate":"https:\/\/thechocobox.ch\/?s={search_term_string}"},"query-input":{"@type":"PropertyValueSpecification","valueRequired":true,"valueName":"search_term_string"}}],"inLanguage":"fr-FR"},{"@type":"Organization","@id":"https:\/\/thechocobox.ch\/#organization","name":"Thechocobox","url":"https:\/\/thechocobox.ch\/","logo":{"@type":"ImageObject","inLanguage":"fr-FR","@id":"https:\/\/thechocobox.ch\/#\/schema\/logo\/image\/","url":"https:\/\/i0.wp.com\/thechocobox.ch\/wp-content\/uploads\/2018\/04\/logo_chocobox_1-1.jpg?fit=4264%2C1407&ssl=1","contentUrl":"https:\/\/i0.wp.com\/thechocobox.ch\/wp-content\/uploads\/2018\/04\/logo_chocobox_1-1.jpg?fit=4264%2C1407&ssl=1","width":4264,"height":1407,"caption":"Thechocobox"},"image":{"@id":"https:\/\/thechocobox.ch\/#\/schema\/logo\/image\/"},"sameAs":["https:\/\/www.facebook.com\/thechocobox.ch","https:\/\/www.instagram.com\/thechocobox.ch\/"]}]}},"jetpack_sharing_enabled":true,"jetpack_shortlink":"https:\/\/wp.me\/P9Klru-y","_links":{"self":[{"href":"https:\/\/thechocobox.ch\/de\/wp-json\/wp\/v2\/pages\/34\/"}],"collection":[{"href":"https:\/\/thechocobox.ch\/de\/wp-json\/wp\/v2\/pages\/"}],"about":[{"href":"https:\/\/thechocobox.ch\/de\/wp-json\/wp\/v2\/types\/page\/"}],"author":[{"embeddable":true,"href":"https:\/\/thechocobox.ch\/de\/wp-json\/wp\/v2\/users\/1\/"}],"replies":[{"embeddable":true,"href":"https:\/\/thechocobox.ch\/de\/wp-json\/wp\/v2\/comments\/?post=34"}],"version-history":[{"count":14,"href":"https:\/\/thechocobox.ch\/de\/wp-json\/wp\/v2\/pages\/34\/revisions\/"}],"predecessor-version":[{"id":976,"href":"https:\/\/thechocobox.ch\/de\/wp-json\/wp\/v2\/pages\/34\/revisions\/976\/"}],"wp:attachment":[{"href":"https:\/\/thechocobox.ch\/de\/wp-json\/wp\/v2\/media\/?parent=34"}],"curies":[{"name":"wp","href":"https:\/\/api.w.org\/{rel}","templated":true}]}}