{"id":40,"date":"2018-03-14T14:48:57","date_gmt":"2018-03-14T13:48:57","guid":{"rendered":"https:\/\/thechocobox.ch\/?page_id=40"},"modified":"2018-04-19T16:16:55","modified_gmt":"2018-04-19T14:16:55","slug":"verkaufsbedingungen","status":"publish","type":"page","link":"https:\/\/thechocobox.ch\/de\/verkaufsbedingungen\/","title":{"rendered":"Verkaufsbedingungen"},"content":{"rendered":"<p>[et_pb_section fb_built=\u00a0\u00bb1&Prime; admin_label=\u00a0\u00bbsection\u00a0\u00bb _builder_version=\u00a0\u00bb3.0.47&Prime;][et_pb_row admin_label=\u00a0\u00bbrow\u00a0\u00bb _builder_version=\u00a0\u00bb3.0.47&Prime; background_size=\u00a0\u00bbinitial\u00a0\u00bb background_position=\u00a0\u00bbtop_left\u00a0\u00bb background_repeat=\u00a0\u00bbrepeat\u00a0\u00bb][et_pb_column type=\u00a0\u00bb4_4&Prime; _builder_version=\u00a0\u00bb3.0.47&Prime; parallax=\u00a0\u00bboff\u00a0\u00bb parallax_method=\u00a0\u00bbon\u00a0\u00bb][et_pb_text admin_label=\u00a0\u00bbText\u00a0\u00bb _builder_version=\u00a0\u00bb3.0.47&Prime; background_size=\u00a0\u00bbinitial\u00a0\u00bb background_position=\u00a0\u00bbtop_left\u00a0\u00bb background_repeat=\u00a0\u00bbrepeat\u00a0\u00bb]\t\t\t\t[\/et_pb_text][\/et_pb_column][\/et_pb_row][et_pb_row _builder_version=\u00a0\u00bb3.0.106&Prime;][et_pb_column type=\u00a0\u00bb4_4&Prime; _builder_version=\u00a0\u00bb3.0.106&Prime; parallax=\u00a0\u00bboff\u00a0\u00bb parallax_method=\u00a0\u00bbon\u00a0\u00bb][et_pb_text _builder_version=\u00a0\u00bb3.0.106&Prime;]<\/p>\n<h3><strong>Verkaufsbedingungen<\/strong><\/h3>\n<p><strong>Allgemeine Informationen:<\/strong><\/p>\n<p>TheChocoBox.ch ist eine Website im Besitz von Burki Box in Aigle.<\/p>\n<p>Mit dem Abschluss eines Abonnements best\u00e4tigt der Kunde, dass er die Bedingungen des Abonnements sowie die allgemeinen Gesch\u00e4ftsbedingungen, die uneingeschr\u00e4nkt und vorbehaltlos f\u00fcr alle angebotenen Verk\u00e4ufe und Dienstleistungen gelten, gelesen, verstanden und vorbehaltlos akzeptiert hat.<\/p>\n<p>Der Kunde best\u00e4tigt, dass er vollj\u00e4hrig ist, da einige Boxen Alkohol enthalten k\u00f6nnen.<\/p>\n<p>&nbsp;<\/p>\n<p>Die Bilder, Beschreibungen und Abbildungen auf unserer Website sowie auf anderen Medien sind unverbindlich; sie dienen nur zur Information.<\/p>\n<p>Sie sind in franz\u00f6sischer, deutscher und englischer Sprache abgefasst, im Streitfall ist jedoch die franz\u00f6sische Fassung ma\u00dfgebend.<\/p>\n<p>Die AGB k\u00f6nnen jederzeit und ohne Vorank\u00fcndigung ge\u00e4ndert werden.<\/p>\n<p>&nbsp;<\/p>\n<p><strong>Registrierung:<\/strong><\/p>\n<p>Das Abonnement wird nur auf der Seite TheChocoBox.ch durchgef\u00fchrt und erfordert ein Kundenkonto.<\/p>\n<p>&nbsp;<\/p>\n<p><strong>Abonnements:<\/strong><\/p>\n<p>Jede verf\u00fcgbare Box bietet zwei M\u00f6glichkeiten des Kaufs, entweder ein Monatsabonnement oder ein.<\/p>\n<p>&nbsp;<\/p>\n<p><strong>Geschenkabonnement:<\/strong><\/p>\n<p>Das Monatsabonnement besteht aus einem Vertrag, in dem sich der Kunde verpflichtet, den zum Zeitpunkt des ersten Abonnements festgelegten Betrag jeden Monat bis zur K\u00fcndigung seines Abonnements zu bezahlen, im Austausch f\u00fcr eine Box mit mehrere Produkte mit Schokolade, die jeden Monat versandt werden.<\/p>\n<p>Der Inhalt der verschiedenen Boxen variiert von Monat zu Monat und kann, wenn es ein Versorgungsproblem gibt, im gleichen Monat variieren.<\/p>\n<p>Der Kunde wird mit dem f\u00e4lligen Betrag automatisch jeden Monat bis zur K\u00fcndigung belastet.<\/p>\n<p>Das Geschenk-Abonnement ist ein klassisches Abonnement, wie oben erw\u00e4hnt, mit definitiver Wahl der Laufzeit (1, 3, 6, 9, 12 Monate).<\/p>\n<p>&nbsp;<\/p>\n<p><strong>Produkte:<\/strong><\/p>\n<p>Wir w\u00e4hlen kulinarische Produkte, die in der Schweiz hergestellt werden, haupts\u00e4chlich aufgrund ihrer geschmacklichen Qualit\u00e4ten sowie der Herkunft der lokalen und regionalen Rohstoffe, dann soweit wie m\u00f6glich regional und dann schweizerisch.<\/p>\n<p>Diese Produkte stammen von externen Lieferanten, die ihre Produkte garantieren. TheChocoBox.ch kann nicht haftbar gemacht werden f\u00fcr direkte, indirekte, zuf\u00e4llige oder Folgesch\u00e4den jeglicher Art, die durch die Produkte oder deren missbr\u00e4uchliche Verwendung verursacht werden.<\/p>\n<p>TheChocoBox.ch entscheidet \u00fcber die Produkte und die Anwendbarkeit der Appellation terroir und artisanal.<\/p>\n<p>&nbsp;<\/p>\n<p>&nbsp;<\/p>\n<p><strong>Abmelden:<\/strong><\/p>\n<p>Kunden, die ein Abonnement abgeschlossen haben, k\u00f6nnen es jederzeit k\u00fcndigen, indem sie auf der TheChocoBox.ch Website unter der Rubrik \u201eMein Konto\u201c auf der Registerkarte \u201eMein Konto\u201c auf der TheChocoBox.ch Website den Bereich \u201eAbonnement\u201c aufrufen.<\/p>\n<p>Die Abbuchung erfolgt am 1. eines jeden Monats; um die Box des Monats nicht zu erhalten, muss man sich vorher abmelden. Stornierungen nach diesem Datum werden nur f\u00fcr den Folgemonat ber\u00fccksichtigt. Der Abonnent kann die Stornierung dieser Bestellung nicht durch die Geltendmachung seines Stornierungsantrags verlangen.<\/p>\n<p>TheChocoBox.ch beh\u00e4lt sich das Recht vor, ein Abonnement jederzeit und ohne Begr\u00fcndung oder Beanstandung zu k\u00fcndigen.<\/p>\n<p>&nbsp;<\/p>\n<p><strong>Preise:<\/strong><\/p>\n<p>Die Preise der Boxen sind in Schweizer Franken und enthalten die Mehrwertsteuer. TheChocoBox.ch beh\u00e4lt sich das Recht vor, Preise und Versandkosten jederzeit zu \u00e4ndern. Diese \u00c4nderungen k\u00f6nnen nicht r\u00fcckwirkend angewendet werden.<\/p>\n<p>TheChocoBox.ch beh\u00e4lt sich das Recht vor, f\u00fcr ihre Abonnements Porto zu berechnen.<\/p>\n<p>&nbsp;<\/p>\n<p><strong>Bezahlung:<\/strong><\/p>\n<p>Die Bezahlung erfolgt \u00fcber unsere Website mit Kreditkarte (Visa, Mastercard und American Express) und dem sicheren Zahlungsanbieter Stripe. TheChocoBox.ch speichert Ihre Zahlungsinformationen nicht und hat daher keinen Zugriff darauf. Der gesamte Kauf- und Bezahlvorgang ist vollst\u00e4ndig verschl\u00fcsselt und durch unseren Host mit Sitz in der Schweiz gesch\u00fctzt.<\/p>\n<p>Bei Zahlung per Kreditkarte: Bei der Anmeldung zum Abonnement erfolgt keine Abbuchung, das Konto des Kunden wird am 1. eines jeden Monats bis zur K\u00fcndigung belastet.<\/p>\n<p>Die Zahlung per Bank\u00fcberweisung kann auf Anfrage an folgende Adresse erfolgen: Info[a] TheChocoBox.ch .<\/p>\n<p>Nur eine kassierte Zahlung berechtigt zu einer Kiste.<\/p>\n<p>&nbsp;<\/p>\n<p><strong>Lieferung:<\/strong><\/p>\n<p>Lieferungen erfolgen ausschliesslich in der Schweiz und Liechtenstein und grunds\u00e4tzlich von Montag bis Freitag durch die Schweizerische Post.<\/p>\n<p>Wir liefern das ganze Jahr \u00fcber, au\u00dfer in den Monaten Juli und August, aus klimatischen Gr\u00fcnden.<\/p>\n<p>Sie finden zwischen dem 15. und 30. eines jeden Monats statt. Da TheChocoBox.ch die Lieferung nicht vornimmt, kann sie nicht f\u00fcr die Folgen von Versp\u00e4tungen oder Sch\u00e4den, die Dritten entstehen, haftbar gemacht werden. Sch\u00e4den oder Versp\u00e4tungen sind kein Grund zur K\u00fcndigung des Abonnements und k\u00f6nnen keinen Anspruch auf Schadenersatz begr\u00fcnden.<\/p>\n<p>Es liegt in der Verantwortung des Kunden sicherzustellen, dass die angegebene Lieferadresse korrekt ist. Etwaige Fehler gehen zu Lasten des Kunden. Im Falle einer Adress\u00e4nderung muss er die \u00c4nderung vor dem 10. des Monats vornehmen. Bei nicht abgeholtem Paket berechnen wir einen Betrag von 15.00 CHF f\u00fcr eine zweite Lieferung.<\/p>\n<p>Bei Nichtzahlung dieses Zuschlags beh\u00e4lt TheChocoBox.ch das Paket als Entsch\u00e4digung.<\/p>\n<p>Sollte das Paket und\/oder der Inhalt besch\u00e4digt eintreffen, ist der Kunde verpflichtet, dies der TheChocoBox.ch (info[a] TheChocoBox.ch) innerhalb von 3 Tagen mitzuteilen. Nach Ablauf dieser Frist kann kein Anspruch mehr geltend gemacht werden.<\/p>\n<p>Eine m\u00f6gliche Ersetzung wird im Folgemonat durch andere \u00e4hnliche Artikel, wenn m\u00f6glich, vorgenommen.<\/p>\n<p>Aus hygienischen Gr\u00fcnden kann TheChocoBox.ch keine R\u00fccksendungen annehmen.<\/p>\n<p>&nbsp;<\/p>\n<p><strong>Datenschutz:<\/strong><\/p>\n<p>Die vom Kunden zur Verf\u00fcgung gestellten pers\u00f6nlichen Daten werden vertraulich, sicher und f\u00fcr interne Zwecke gespeichert. Eine Weitergabe an Dritte findet nicht statt.<\/p>\n<p>Der Kunde hat jederzeit die M\u00f6glichkeit, seine pers\u00f6nlichen Daten auf der TheChocoBox.ch Website \u00fcber den Bereich \u201eMein Konto\u201c zu \u00e4ndern, zu l\u00f6schen oder zu berichtigen.<\/p>\n<p>Mit dem Besuch der TheChocoBox.ch Website akzeptieren Sie die Allgemeinen Gesch\u00e4ftsbedingungen, die Datenschutzbestimmungen und die Verwendung von Cookies.<\/p>\n<p>&nbsp;<\/p>\n<p><strong>Aufstellungsort:<\/strong><\/p>\n<p>Grunds\u00e4tzlich ist die Seite rund um die Uhr zug\u00e4nglich. TheChocoBox.ch beh\u00e4lt sich jedoch das Recht vor, bei Bedarf Wartungs- und \u00c4nderungsarbeiten durchzuf\u00fchren, die zu einer Unterbrechung f\u00fchren k\u00f6nnen und nicht f\u00fcr Sch\u00e4den haftbar gemacht werden k\u00f6nnen.<\/p>\n<p>&nbsp;<\/p>\n<p><strong>Geistiges Eigentum:<\/strong><\/p>\n<p>Alle Texte, Fotos, Illustrationen, Grafiken, Design, Videos, Logos sind Eigentum von Burki Box und TheChocoBox.ch und unterliegen dem Schutz der geltenden Gesetze, Urheberrechte und Copyright.<\/p>\n<p>&nbsp;<\/p>\n<p><strong>Gerichtsstand:<\/strong><\/p>\n<p>Im Streitfall vereinbaren die Parteien eine einvernehmliche L\u00f6sung. Die Allgemeinen Gesch\u00e4ftsbedingungen und die Dienstleistungen unterstehen schweizerischem Recht und im Streitfall ist der Gerichtsstand Lausanne; die Rechtsmittel sind vorbehalten.<\/p>\n<p>[\/et_pb_text][\/et_pb_column][\/et_pb_row][\/et_pb_section]<\/p>\n","protected":false},"excerpt":{"rendered":"<p>Verkaufsbedingungen Allgemeine Informationen: TheChocoBox.ch ist eine Website im Besitz von Burki Box in Aigle. Mit dem Abschluss eines Abonnements best\u00e4tigt der Kunde, dass er die Bedingungen des Abonnements sowie die allgemeinen Gesch\u00e4ftsbedingungen, die uneingeschr\u00e4nkt und vorbehaltlos f\u00fcr alle angebotenen Verk\u00e4ufe und Dienstleistungen gelten, gelesen, verstanden und vorbehaltlos akzeptiert hat. Der Kunde best\u00e4tigt, dass er vollj\u00e4hrig [&hellip;]<\/p>\n","protected":false},"author":1,"featured_media":0,"parent":0,"menu_order":0,"comment_status":"closed","ping_status":"closed","template":"","meta":{"_et_pb_use_builder":"on","_et_pb_old_content":"","_et_gb_content_width":"","_exactmetrics_skip_tracking":false,"_exactmetrics_sitenote_active":false,"_exactmetrics_sitenote_note":"","_exactmetrics_sitenote_category":0,"jetpack_post_was_ever_published":false,"footnotes":""},"class_list":["post-40","page","type-page","status-publish","hentry"],"yoast_head":"<!-- This site is optimized with the Yoast SEO plugin v25.6 - https:\/\/yoast.com\/wordpress\/plugins\/seo\/ -->\n<title>Verkaufsbedingungen - The ChocoBox<\/title>\n<meta name=\"robots\" content=\"index, follow, max-snippet:-1, max-image-preview:large, max-video-preview:-1\" \/>\n<link rel=\"canonical\" href=\"https:\/\/thechocobox.ch\/verkaufsbedingungen\/\" \/>\n<meta property=\"og:locale\" content=\"fr_FR\" \/>\n<meta property=\"og:type\" content=\"article\" \/>\n<meta property=\"og:title\" content=\"Verkaufsbedingungen - The ChocoBox\" \/>\n<meta property=\"og:description\" content=\"Verkaufsbedingungen Allgemeine Informationen: TheChocoBox.ch ist eine Website im Besitz von Burki Box in Aigle. Mit dem Abschluss eines Abonnements best\u00e4tigt der Kunde, dass er die Bedingungen des Abonnements sowie die allgemeinen Gesch\u00e4ftsbedingungen, die uneingeschr\u00e4nkt und vorbehaltlos f\u00fcr alle angebotenen Verk\u00e4ufe und Dienstleistungen gelten, gelesen, verstanden und vorbehaltlos akzeptiert hat. Der Kunde best\u00e4tigt, dass er vollj\u00e4hrig [&hellip;]\" \/>\n<meta property=\"og:url\" content=\"https:\/\/thechocobox.ch\/de\/verkaufsbedingungen\/\" \/>\n<meta property=\"og:site_name\" content=\"The ChocoBox\" \/>\n<meta property=\"article:publisher\" content=\"https:\/\/www.facebook.com\/thechocobox.ch\" \/>\n<meta property=\"article:modified_time\" content=\"2018-04-19T14:16:55+00:00\" \/>\n<meta name=\"twitter:card\" content=\"summary_large_image\" \/>\n<meta name=\"twitter:label1\" content=\"Dur\u00e9e de lecture estim\u00e9e\" \/>\n\t<meta name=\"twitter:data1\" content=\"6 minutes\" \/>\n<script type=\"application\/ld+json\" class=\"yoast-schema-graph\">{\"@context\":\"https:\/\/schema.org\",\"@graph\":[{\"@type\":\"WebPage\",\"@id\":\"https:\/\/thechocobox.ch\/de\/verkaufsbedingungen\/\",\"url\":\"https:\/\/thechocobox.ch\/de\/verkaufsbedingungen\/\",\"name\":\"Verkaufsbedingungen - The ChocoBox\",\"isPartOf\":{\"@id\":\"https:\/\/thechocobox.ch\/#website\"},\"datePublished\":\"2018-03-14T13:48:57+00:00\",\"dateModified\":\"2018-04-19T14:16:55+00:00\",\"breadcrumb\":{\"@id\":\"https:\/\/thechocobox.ch\/de\/verkaufsbedingungen\/#breadcrumb\"},\"inLanguage\":\"fr-FR\",\"potentialAction\":[{\"@type\":\"ReadAction\",\"target\":[\"https:\/\/thechocobox.ch\/de\/verkaufsbedingungen\/\"]}]},{\"@type\":\"BreadcrumbList\",\"@id\":\"https:\/\/thechocobox.ch\/de\/verkaufsbedingungen\/#breadcrumb\",\"itemListElement\":[{\"@type\":\"ListItem\",\"position\":1,\"name\":\"Accueil\",\"item\":\"https:\/\/thechocobox.ch\/accueil\/\"},{\"@type\":\"ListItem\",\"position\":2,\"name\":\"Verkaufsbedingungen\"}]},{\"@type\":\"WebSite\",\"@id\":\"https:\/\/thechocobox.ch\/#website\",\"url\":\"https:\/\/thechocobox.ch\/\",\"name\":\"The ChocoBox\",\"description\":\"\",\"publisher\":{\"@id\":\"https:\/\/thechocobox.ch\/#organization\"},\"potentialAction\":[{\"@type\":\"SearchAction\",\"target\":{\"@type\":\"EntryPoint\",\"urlTemplate\":\"https:\/\/thechocobox.ch\/?s={search_term_string}\"},\"query-input\":{\"@type\":\"PropertyValueSpecification\",\"valueRequired\":true,\"valueName\":\"search_term_string\"}}],\"inLanguage\":\"fr-FR\"},{\"@type\":\"Organization\",\"@id\":\"https:\/\/thechocobox.ch\/#organization\",\"name\":\"Thechocobox\",\"url\":\"https:\/\/thechocobox.ch\/\",\"logo\":{\"@type\":\"ImageObject\",\"inLanguage\":\"fr-FR\",\"@id\":\"https:\/\/thechocobox.ch\/#\/schema\/logo\/image\/\",\"url\":\"https:\/\/i0.wp.com\/thechocobox.ch\/wp-content\/uploads\/2018\/04\/logo_chocobox_1-1.jpg?fit=4264%2C1407&ssl=1\",\"contentUrl\":\"https:\/\/i0.wp.com\/thechocobox.ch\/wp-content\/uploads\/2018\/04\/logo_chocobox_1-1.jpg?fit=4264%2C1407&ssl=1\",\"width\":4264,\"height\":1407,\"caption\":\"Thechocobox\"},\"image\":{\"@id\":\"https:\/\/thechocobox.ch\/#\/schema\/logo\/image\/\"},\"sameAs\":[\"https:\/\/www.facebook.com\/thechocobox.ch\",\"https:\/\/www.instagram.com\/thechocobox.ch\/\"]}]}<\/script>\n<!-- \/ Yoast SEO plugin. -->","yoast_head_json":{"title":"Verkaufsbedingungen - The ChocoBox","robots":{"index":"index","follow":"follow","max-snippet":"max-snippet:-1","max-image-preview":"max-image-preview:large","max-video-preview":"max-video-preview:-1"},"canonical":"https:\/\/thechocobox.ch\/verkaufsbedingungen\/","og_locale":"fr_FR","og_type":"article","og_title":"Verkaufsbedingungen - The ChocoBox","og_description":"Verkaufsbedingungen Allgemeine Informationen: TheChocoBox.ch ist eine Website im Besitz von Burki Box in Aigle. Mit dem Abschluss eines Abonnements best\u00e4tigt der Kunde, dass er die Bedingungen des Abonnements sowie die allgemeinen Gesch\u00e4ftsbedingungen, die uneingeschr\u00e4nkt und vorbehaltlos f\u00fcr alle angebotenen Verk\u00e4ufe und Dienstleistungen gelten, gelesen, verstanden und vorbehaltlos akzeptiert hat. Der Kunde best\u00e4tigt, dass er vollj\u00e4hrig [&hellip;]","og_url":"https:\/\/thechocobox.ch\/de\/verkaufsbedingungen\/","og_site_name":"The ChocoBox","article_publisher":"https:\/\/www.facebook.com\/thechocobox.ch","article_modified_time":"2018-04-19T14:16:55+00:00","twitter_card":"summary_large_image","twitter_misc":{"Dur\u00e9e de lecture estim\u00e9e":"6 minutes"},"schema":{"@context":"https:\/\/schema.org","@graph":[{"@type":"WebPage","@id":"https:\/\/thechocobox.ch\/de\/verkaufsbedingungen\/","url":"https:\/\/thechocobox.ch\/de\/verkaufsbedingungen\/","name":"Verkaufsbedingungen - The ChocoBox","isPartOf":{"@id":"https:\/\/thechocobox.ch\/#website"},"datePublished":"2018-03-14T13:48:57+00:00","dateModified":"2018-04-19T14:16:55+00:00","breadcrumb":{"@id":"https:\/\/thechocobox.ch\/de\/verkaufsbedingungen\/#breadcrumb"},"inLanguage":"fr-FR","potentialAction":[{"@type":"ReadAction","target":["https:\/\/thechocobox.ch\/de\/verkaufsbedingungen\/"]}]},{"@type":"BreadcrumbList","@id":"https:\/\/thechocobox.ch\/de\/verkaufsbedingungen\/#breadcrumb","itemListElement":[{"@type":"ListItem","position":1,"name":"Accueil","item":"https:\/\/thechocobox.ch\/accueil\/"},{"@type":"ListItem","position":2,"name":"Verkaufsbedingungen"}]},{"@type":"WebSite","@id":"https:\/\/thechocobox.ch\/#website","url":"https:\/\/thechocobox.ch\/","name":"The ChocoBox","description":"","publisher":{"@id":"https:\/\/thechocobox.ch\/#organization"},"potentialAction":[{"@type":"SearchAction","target":{"@type":"EntryPoint","urlTemplate":"https:\/\/thechocobox.ch\/?s={search_term_string}"},"query-input":{"@type":"PropertyValueSpecification","valueRequired":true,"valueName":"search_term_string"}}],"inLanguage":"fr-FR"},{"@type":"Organization","@id":"https:\/\/thechocobox.ch\/#organization","name":"Thechocobox","url":"https:\/\/thechocobox.ch\/","logo":{"@type":"ImageObject","inLanguage":"fr-FR","@id":"https:\/\/thechocobox.ch\/#\/schema\/logo\/image\/","url":"https:\/\/i0.wp.com\/thechocobox.ch\/wp-content\/uploads\/2018\/04\/logo_chocobox_1-1.jpg?fit=4264%2C1407&ssl=1","contentUrl":"https:\/\/i0.wp.com\/thechocobox.ch\/wp-content\/uploads\/2018\/04\/logo_chocobox_1-1.jpg?fit=4264%2C1407&ssl=1","width":4264,"height":1407,"caption":"Thechocobox"},"image":{"@id":"https:\/\/thechocobox.ch\/#\/schema\/logo\/image\/"},"sameAs":["https:\/\/www.facebook.com\/thechocobox.ch","https:\/\/www.instagram.com\/thechocobox.ch\/"]}]}},"jetpack_sharing_enabled":true,"jetpack_shortlink":"https:\/\/wp.me\/P9Klru-E","_links":{"self":[{"href":"https:\/\/thechocobox.ch\/de\/wp-json\/wp\/v2\/pages\/40\/"}],"collection":[{"href":"https:\/\/thechocobox.ch\/de\/wp-json\/wp\/v2\/pages\/"}],"about":[{"href":"https:\/\/thechocobox.ch\/de\/wp-json\/wp\/v2\/types\/page\/"}],"author":[{"embeddable":true,"href":"https:\/\/thechocobox.ch\/de\/wp-json\/wp\/v2\/users\/1\/"}],"replies":[{"embeddable":true,"href":"https:\/\/thechocobox.ch\/de\/wp-json\/wp\/v2\/comments\/?post=40"}],"version-history":[{"count":6,"href":"https:\/\/thechocobox.ch\/de\/wp-json\/wp\/v2\/pages\/40\/revisions\/"}],"predecessor-version":[{"id":760,"href":"https:\/\/thechocobox.ch\/de\/wp-json\/wp\/v2\/pages\/40\/revisions\/760\/"}],"wp:attachment":[{"href":"https:\/\/thechocobox.ch\/de\/wp-json\/wp\/v2\/media\/?parent=40"}],"curies":[{"name":"wp","href":"https:\/\/api.w.org\/{rel}","templated":true}]}}