{"id":542,"date":"2018-04-12T13:22:31","date_gmt":"2018-04-12T11:22:31","guid":{"rendered":"https:\/\/thechocobox.ch\/?page_id=542"},"modified":"2018-04-27T10:46:47","modified_gmt":"2018-04-27T08:46:47","slug":"uber-uns","status":"publish","type":"page","link":"https:\/\/thechocobox.ch\/de\/uber-uns\/","title":{"rendered":"Uber uns"},"content":{"rendered":"<p>[et_pb_section fb_built=\u00a0\u00bb1&Prime; _builder_version=\u00a0\u00bb3.0.47&Prime; custom_padding=\u00a0\u00bb4px|0px|0px|0px\u00a0\u00bb][et_pb_row custom_padding=\u00a0\u00bb4px|0px|0px|0px\u00a0\u00bb _builder_version=\u00a0\u00bb3.0.100&Prime; background_size=\u00a0\u00bbinitial\u00a0\u00bb background_position=\u00a0\u00bbtop_left\u00a0\u00bb background_repeat=\u00a0\u00bbrepeat\u00a0\u00bb][et_pb_column type=\u00a0\u00bb1_2&Prime; _builder_version=\u00a0\u00bb3.0.47&Prime; parallax=\u00a0\u00bboff\u00a0\u00bb parallax_method=\u00a0\u00bbon\u00a0\u00bb][et_pb_image src=\u00a0\u00bbhttps:\/\/thechocobox.ch\/wp-content\/uploads\/2018\/04\/83738731_compresed.jpg\u00a0\u00bb _builder_version=\u00a0\u00bb3.0.106&Prime; max_width=\u00a0\u00bb85%\u00a0\u00bb custom_margin=\u00a0\u00bb|||\u00a0\u00bb custom_padding=\u00a0\u00bb75px|||\u00a0\u00bb][\/et_pb_image][\/et_pb_column][et_pb_column type=\u00a0\u00bb1_2&Prime; _builder_version=\u00a0\u00bb3.0.47&Prime; parallax=\u00a0\u00bboff\u00a0\u00bb parallax_method=\u00a0\u00bbon\u00a0\u00bb][et_pb_text _builder_version=\u00a0\u00bb3.0.100&Prime;]<\/p>\n<h2><\/h2>\n<h2><\/h2>\n<h2><span style=\"color: #4b2f24;\">Unser Konzept<\/span><\/h2>\n<p><span style=\"color: #4b2f24;\"><\/span><\/p>\n<p><span style=\"color: #00b5e2;\">\u00a0<span style=\"font-size: 18px;\"><b>F\u00fcr Schokoladenliebhaber<\/b><\/span><\/span><\/p>\n<p><span style=\"color: #4b2f24;\">Leidenschaft f\u00fcr die Gastronomie, Schokolade und lokale Produkte, haben wir uns entschlossen zu kreieren TheChocoBox.ch.<\/span><br \/><span style=\"color: #4b2f24;\">Schokolade weckt alle Leidenschaften, Kuriosit\u00e4ten, Begierden und W\u00fcnsche.<\/span><\/p>\n<p><span style=\"color: #4b2f24;\">Seit Mitte des 19. Jahrhunderts ist sie eine Schweizer Spezialit\u00e4t, die immer wieder \u00fcberrascht, spezialisiert und verbessert. Heute starten die Handwerker sogar in die \u00ab\u00a0Bean to Bar\u00a0\u00bb-Herstellung, indem sie die Bohnen selbst r\u00f6sten und alle Schritte bis zum fertigen Produkt sicherstellen.<\/span><\/p>\n<p><span style=\"color: #4b2f24;\">Die Auswahl der angebotenen Produkte wird vor allem durch ihre Geschmackseigenschaften sowie durch die Herkunft und Qualit\u00e4t der verwendeten Rohstoffe bestimmt.<\/span><\/p>\n<p><span style=\"color: #4b2f24;\">Wir werden versuchen, Sie Schokolade in all ihren Formen entdecken zu lassen: Teller, S\u00fc\u00dfigkeiten, Kekse und vieles mehr!<\/span><br \/><span style=\"color: #4b2f24;\">Der Verkauf der Boxen mit scholokadenprodukte erfolgt in Form eines Box-Abonnements, dass \u00fcber die Website abgeschlossen wird. auf der Website; jede Box.<\/span><\/p>\n<p><span style=\"color: #4b2f24;\">Wir liefern das ganze Jahr \u00fcber, au\u00dfer in den Monaten Juli und August, aus klimatischen Gr\u00fcnden.<\/span><\/p>\n<p>&nbsp;<\/p>\n<p>[\/et_pb_text][\/et_pb_column][\/et_pb_row][\/et_pb_section][et_pb_section fb_built=\u00a0\u00bb1&Prime; _builder_version=\u00a0\u00bb3.0.47&Prime; custom_padding=\u00a0\u00bb0px|0px|92px|0px\u00a0\u00bb][et_pb_row custom_padding=\u00a0\u00bb0px|0px|1px|0px\u00a0\u00bb _builder_version=\u00a0\u00bb3.0.100&Prime; background_size=\u00a0\u00bbinitial\u00a0\u00bb background_position=\u00a0\u00bbtop_left\u00a0\u00bb background_repeat=\u00a0\u00bbrepeat\u00a0\u00bb][et_pb_column type=\u00a0\u00bb4_4&Prime; _builder_version=\u00a0\u00bb3.0.47&Prime; parallax=\u00a0\u00bboff\u00a0\u00bb parallax_method=\u00a0\u00bbon\u00a0\u00bb][et_pb_text _builder_version=\u00a0\u00bb3.0.106&Prime;]<\/p>\n<p style=\"text-align: center;\"><span style=\"font-size: medium;\"><strong>Folgen Sie uns auf Facebook und Instagram<\/strong><\/span><\/p>\n<p>[\/et_pb_text][et_pb_social_media_follow url_new_window=\u00a0\u00bboff\u00a0\u00bb follow_button=\u00a0\u00bbon\u00a0\u00bb _builder_version=\u00a0\u00bb3.0.106&Prime; text_orientation=\u00a0\u00bbcenter\u00a0\u00bb][et_pb_social_media_follow_network social_network=\u00a0\u00bbfacebook\u00a0\u00bb url=\u00a0\u00bbhttps:\/\/www.facebook.com\/thechocobox.ch\u00a0\u00bb _builder_version=\u00a0\u00bb3.0.106&Prime; background_color=\u00a0\u00bb#3b5998&Prime; follow_button=\u00a0\u00bbon\u00a0\u00bb url_new_window=\u00a0\u00bboff\u00a0\u00bb]Facebook<br \/>\n[\/et_pb_social_media_follow_network][et_pb_social_media_follow_network social_network=\u00a0\u00bbinstagram\u00a0\u00bb url=\u00a0\u00bbhttps:\/\/www.instagram.com\/thechocobox.ch\/\u00a0\u00bb _builder_version=\u00a0\u00bb3.0.106&Prime; background_color=\u00a0\u00bb#ea2c59&Prime; follow_button=\u00a0\u00bbon\u00a0\u00bb url_new_window=\u00a0\u00bboff\u00a0\u00bb]Instagram<br \/>\n[\/et_pb_social_media_follow_network][\/et_pb_social_media_follow][\/et_pb_column][\/et_pb_row][\/et_pb_section]<\/p>\n","protected":false},"excerpt":{"rendered":"<p>Unser Konzept \u00a0F\u00fcr Schokoladenliebhaber Leidenschaft f\u00fcr die Gastronomie, Schokolade und lokale Produkte, haben wir uns entschlossen zu kreieren TheChocoBox.ch.Schokolade weckt alle Leidenschaften, Kuriosit\u00e4ten, Begierden und W\u00fcnsche. Seit Mitte des 19. Jahrhunderts ist sie eine Schweizer Spezialit\u00e4t, die immer wieder \u00fcberrascht, spezialisiert und verbessert. Heute starten die Handwerker sogar in die \u00ab\u00a0Bean to Bar\u00a0\u00bb-Herstellung, indem sie [&hellip;]<\/p>\n","protected":false},"author":1,"featured_media":0,"parent":0,"menu_order":0,"comment_status":"closed","ping_status":"closed","template":"","meta":{"_et_pb_use_builder":"on","_et_pb_old_content":"","_et_gb_content_width":"","_exactmetrics_skip_tracking":false,"_exactmetrics_sitenote_active":false,"_exactmetrics_sitenote_note":"","_exactmetrics_sitenote_category":0,"jetpack_post_was_ever_published":false,"footnotes":""},"class_list":["post-542","page","type-page","status-publish","hentry"],"yoast_head":"<!-- This site is optimized with the Yoast SEO plugin v25.6 - https:\/\/yoast.com\/wordpress\/plugins\/seo\/ -->\n<title>Uber uns - The ChocoBox<\/title>\n<meta name=\"robots\" content=\"index, follow, max-snippet:-1, max-image-preview:large, max-video-preview:-1\" \/>\n<link rel=\"canonical\" href=\"https:\/\/thechocobox.ch\/uber-uns\/\" \/>\n<meta property=\"og:locale\" content=\"fr_FR\" \/>\n<meta property=\"og:type\" content=\"article\" \/>\n<meta property=\"og:title\" content=\"Uber uns - The ChocoBox\" \/>\n<meta property=\"og:description\" content=\"Unser Konzept \u00a0F\u00fcr Schokoladenliebhaber Leidenschaft f\u00fcr die Gastronomie, Schokolade und lokale Produkte, haben wir uns entschlossen zu kreieren TheChocoBox.ch.Schokolade weckt alle Leidenschaften, Kuriosit\u00e4ten, Begierden und W\u00fcnsche. Seit Mitte des 19. Jahrhunderts ist sie eine Schweizer Spezialit\u00e4t, die immer wieder \u00fcberrascht, spezialisiert und verbessert. Heute starten die Handwerker sogar in die &quot;Bean to Bar&quot;-Herstellung, indem sie [&hellip;]\" \/>\n<meta property=\"og:url\" content=\"https:\/\/thechocobox.ch\/de\/uber-uns\/\" \/>\n<meta property=\"og:site_name\" content=\"The ChocoBox\" \/>\n<meta property=\"article:publisher\" content=\"https:\/\/www.facebook.com\/thechocobox.ch\" \/>\n<meta property=\"article:modified_time\" content=\"2018-04-27T08:46:47+00:00\" \/>\n<meta name=\"twitter:card\" content=\"summary_large_image\" \/>\n<meta name=\"twitter:label1\" content=\"Dur\u00e9e de lecture estim\u00e9e\" \/>\n\t<meta name=\"twitter:data1\" content=\"2 minutes\" \/>\n<script type=\"application\/ld+json\" class=\"yoast-schema-graph\">{\"@context\":\"https:\/\/schema.org\",\"@graph\":[{\"@type\":\"WebPage\",\"@id\":\"https:\/\/thechocobox.ch\/de\/uber-uns\/\",\"url\":\"https:\/\/thechocobox.ch\/de\/uber-uns\/\",\"name\":\"Uber uns - The ChocoBox\",\"isPartOf\":{\"@id\":\"https:\/\/thechocobox.ch\/#website\"},\"datePublished\":\"2018-04-12T11:22:31+00:00\",\"dateModified\":\"2018-04-27T08:46:47+00:00\",\"breadcrumb\":{\"@id\":\"https:\/\/thechocobox.ch\/de\/uber-uns\/#breadcrumb\"},\"inLanguage\":\"fr-FR\",\"potentialAction\":[{\"@type\":\"ReadAction\",\"target\":[\"https:\/\/thechocobox.ch\/de\/uber-uns\/\"]}]},{\"@type\":\"BreadcrumbList\",\"@id\":\"https:\/\/thechocobox.ch\/de\/uber-uns\/#breadcrumb\",\"itemListElement\":[{\"@type\":\"ListItem\",\"position\":1,\"name\":\"Accueil\",\"item\":\"https:\/\/thechocobox.ch\/accueil\/\"},{\"@type\":\"ListItem\",\"position\":2,\"name\":\"Uber uns\"}]},{\"@type\":\"WebSite\",\"@id\":\"https:\/\/thechocobox.ch\/#website\",\"url\":\"https:\/\/thechocobox.ch\/\",\"name\":\"The ChocoBox\",\"description\":\"\",\"publisher\":{\"@id\":\"https:\/\/thechocobox.ch\/#organization\"},\"potentialAction\":[{\"@type\":\"SearchAction\",\"target\":{\"@type\":\"EntryPoint\",\"urlTemplate\":\"https:\/\/thechocobox.ch\/?s={search_term_string}\"},\"query-input\":{\"@type\":\"PropertyValueSpecification\",\"valueRequired\":true,\"valueName\":\"search_term_string\"}}],\"inLanguage\":\"fr-FR\"},{\"@type\":\"Organization\",\"@id\":\"https:\/\/thechocobox.ch\/#organization\",\"name\":\"Thechocobox\",\"url\":\"https:\/\/thechocobox.ch\/\",\"logo\":{\"@type\":\"ImageObject\",\"inLanguage\":\"fr-FR\",\"@id\":\"https:\/\/thechocobox.ch\/#\/schema\/logo\/image\/\",\"url\":\"https:\/\/i0.wp.com\/thechocobox.ch\/wp-content\/uploads\/2018\/04\/logo_chocobox_1-1.jpg?fit=4264%2C1407&ssl=1\",\"contentUrl\":\"https:\/\/i0.wp.com\/thechocobox.ch\/wp-content\/uploads\/2018\/04\/logo_chocobox_1-1.jpg?fit=4264%2C1407&ssl=1\",\"width\":4264,\"height\":1407,\"caption\":\"Thechocobox\"},\"image\":{\"@id\":\"https:\/\/thechocobox.ch\/#\/schema\/logo\/image\/\"},\"sameAs\":[\"https:\/\/www.facebook.com\/thechocobox.ch\",\"https:\/\/www.instagram.com\/thechocobox.ch\/\"]}]}<\/script>\n<!-- \/ Yoast SEO plugin. -->","yoast_head_json":{"title":"Uber uns - The ChocoBox","robots":{"index":"index","follow":"follow","max-snippet":"max-snippet:-1","max-image-preview":"max-image-preview:large","max-video-preview":"max-video-preview:-1"},"canonical":"https:\/\/thechocobox.ch\/uber-uns\/","og_locale":"fr_FR","og_type":"article","og_title":"Uber uns - The ChocoBox","og_description":"Unser Konzept \u00a0F\u00fcr Schokoladenliebhaber Leidenschaft f\u00fcr die Gastronomie, Schokolade und lokale Produkte, haben wir uns entschlossen zu kreieren TheChocoBox.ch.Schokolade weckt alle Leidenschaften, Kuriosit\u00e4ten, Begierden und W\u00fcnsche. Seit Mitte des 19. Jahrhunderts ist sie eine Schweizer Spezialit\u00e4t, die immer wieder \u00fcberrascht, spezialisiert und verbessert. Heute starten die Handwerker sogar in die \"Bean to Bar\"-Herstellung, indem sie [&hellip;]","og_url":"https:\/\/thechocobox.ch\/de\/uber-uns\/","og_site_name":"The ChocoBox","article_publisher":"https:\/\/www.facebook.com\/thechocobox.ch","article_modified_time":"2018-04-27T08:46:47+00:00","twitter_card":"summary_large_image","twitter_misc":{"Dur\u00e9e de lecture estim\u00e9e":"2 minutes"},"schema":{"@context":"https:\/\/schema.org","@graph":[{"@type":"WebPage","@id":"https:\/\/thechocobox.ch\/de\/uber-uns\/","url":"https:\/\/thechocobox.ch\/de\/uber-uns\/","name":"Uber uns - The ChocoBox","isPartOf":{"@id":"https:\/\/thechocobox.ch\/#website"},"datePublished":"2018-04-12T11:22:31+00:00","dateModified":"2018-04-27T08:46:47+00:00","breadcrumb":{"@id":"https:\/\/thechocobox.ch\/de\/uber-uns\/#breadcrumb"},"inLanguage":"fr-FR","potentialAction":[{"@type":"ReadAction","target":["https:\/\/thechocobox.ch\/de\/uber-uns\/"]}]},{"@type":"BreadcrumbList","@id":"https:\/\/thechocobox.ch\/de\/uber-uns\/#breadcrumb","itemListElement":[{"@type":"ListItem","position":1,"name":"Accueil","item":"https:\/\/thechocobox.ch\/accueil\/"},{"@type":"ListItem","position":2,"name":"Uber uns"}]},{"@type":"WebSite","@id":"https:\/\/thechocobox.ch\/#website","url":"https:\/\/thechocobox.ch\/","name":"The ChocoBox","description":"","publisher":{"@id":"https:\/\/thechocobox.ch\/#organization"},"potentialAction":[{"@type":"SearchAction","target":{"@type":"EntryPoint","urlTemplate":"https:\/\/thechocobox.ch\/?s={search_term_string}"},"query-input":{"@type":"PropertyValueSpecification","valueRequired":true,"valueName":"search_term_string"}}],"inLanguage":"fr-FR"},{"@type":"Organization","@id":"https:\/\/thechocobox.ch\/#organization","name":"Thechocobox","url":"https:\/\/thechocobox.ch\/","logo":{"@type":"ImageObject","inLanguage":"fr-FR","@id":"https:\/\/thechocobox.ch\/#\/schema\/logo\/image\/","url":"https:\/\/i0.wp.com\/thechocobox.ch\/wp-content\/uploads\/2018\/04\/logo_chocobox_1-1.jpg?fit=4264%2C1407&ssl=1","contentUrl":"https:\/\/i0.wp.com\/thechocobox.ch\/wp-content\/uploads\/2018\/04\/logo_chocobox_1-1.jpg?fit=4264%2C1407&ssl=1","width":4264,"height":1407,"caption":"Thechocobox"},"image":{"@id":"https:\/\/thechocobox.ch\/#\/schema\/logo\/image\/"},"sameAs":["https:\/\/www.facebook.com\/thechocobox.ch","https:\/\/www.instagram.com\/thechocobox.ch\/"]}]}},"jetpack_sharing_enabled":true,"jetpack_shortlink":"https:\/\/wp.me\/P9Klru-8K","_links":{"self":[{"href":"https:\/\/thechocobox.ch\/de\/wp-json\/wp\/v2\/pages\/542\/"}],"collection":[{"href":"https:\/\/thechocobox.ch\/de\/wp-json\/wp\/v2\/pages\/"}],"about":[{"href":"https:\/\/thechocobox.ch\/de\/wp-json\/wp\/v2\/types\/page\/"}],"author":[{"embeddable":true,"href":"https:\/\/thechocobox.ch\/de\/wp-json\/wp\/v2\/users\/1\/"}],"replies":[{"embeddable":true,"href":"https:\/\/thechocobox.ch\/de\/wp-json\/wp\/v2\/comments\/?post=542"}],"version-history":[{"count":6,"href":"https:\/\/thechocobox.ch\/de\/wp-json\/wp\/v2\/pages\/542\/revisions\/"}],"predecessor-version":[{"id":688,"href":"https:\/\/thechocobox.ch\/de\/wp-json\/wp\/v2\/pages\/542\/revisions\/688\/"}],"wp:attachment":[{"href":"https:\/\/thechocobox.ch\/de\/wp-json\/wp\/v2\/media\/?parent=542"}],"curies":[{"name":"wp","href":"https:\/\/api.w.org\/{rel}","templated":true}]}}